{"id":576,"date":"2017-01-18T14:58:25","date_gmt":"2017-01-18T13:58:25","guid":{"rendered":"http:\/\/www.marionsila.com\/?page_id=576"},"modified":"2022-08-18T23:53:44","modified_gmt":"2022-08-18T21:53:44","slug":"biographie","status":"publish","type":"page","link":"http:\/\/www.marionsila.com\/","title":{"rendered":"BIOGRAPHIE"},"content":{"rendered":"<p style=\"text-align: center;\"><img decoding=\"async\" loading=\"lazy\" class=\"alignnone size-full wp-image-865\" src=\"http:\/\/www.marionsila.com\/wp-content\/uploads\/2017\/01\/Marion360-600-Micael-Reynaud.gif\" alt=\"__Marion360-600-Micael-Reynaud\" width=\"530\" height=\"398\" \/><span style=\"font-family: Georgia; color: #ffffff;\"><span style=\"font-size: small;\"><strong>\u00a0\u00a0\u00a0 <\/strong><\/span><\/span><\/p>\n<p style=\"text-align: center;\"><span style=\"font-family: Georgia;\"><span style=\"font-size: small;\">\u00a0<\/span><\/span><\/p>\n<p style=\"text-align: justify;\"><span style=\"color: #000000;\"><strong>\u00a0 \u00a0 \u00a0 \u00a0 \u00a0 \u00a0 \u00a0 \u00a0 \u00a0 \u00a0 \u00a0 \u00a0 \u00a0 \u00a0 \u00a0 \u00a0 \u00a0 \u00a0 \u00a0 \u00a0 \u00a0 \u00a0 \u00a0 \u00a0 \u00a0 \u00a0 \u00a0 \u00a0 \u00a0 <span style=\"color: #b72444;\">\u00a0 \u00a0\u00a0\u00a0\u00a0\u00a0\u00a0\u00a0\u00a0\u00a0\u00a0\u00a0\u00a0\u00a0\u00a0\u00a0\u00a0\u00a0\u00a0\u00a0\u00a0\u00a0\u00a0\u00a0\u00a0\u00a0\u00a0\u00a0\u00a0\u00a0\u00a0\u00a0\u00a0\u00a0\u00a0\u00a0\u00a0\u00a0\u00a0\u00a0\u00a0\u00a0\u00a0\u00a0\u00a0\u00a0\u00a0\u00a0\u00a0\u00a0\u00a0\u00a0\u00a0\u00a0\u00a0 \u00a0 \u00a0\u00a0\u00a0\u00a0\u00a0\u00a0\u00a0\u00a0\u00a0\u00a0\u00a0\u00a0\u00a0 <\/span><\/strong><strong><br \/><\/strong><\/span><\/p>\n<div id=\"yiv5561370359yui_3_16_0_ym19_1_1518820847361_9122\"><span style=\"color: #000000;\"><br \/><span style=\"color: #ffffff;\">Marion Sila, globe-singer, pose un peu partout ses valises, ses petites machines \u00e9lectro-cosmiques et son accord\u00e9on.\u2028 De ses nombreux voyages \u00e0 l&rsquo;autre bout du Monde ( tourn\u00e9es internationales organis\u00e9es par les alliances fran\u00e7aises ) Marion Sila a rempli ses bagages d&rsquo;images et de sonorit\u00e9s actuelles et sans fronti\u00e8res.<\/span><\/span><br \/><span style=\"color: #ffffff;\"> Cette femme-orchestre moderne, gentiment d\u00e9jant\u00e9e, vous chatouillera le coeur.<\/span><\/div>\n<div><span style=\"color: #ffffff;\"><span style=\"text-decoration: underline;\"> Pays ayant import\u00e9 Marion Sila<\/span>\u00a0 :<\/span><br \/><span style=\"color: #ffffff;\"> Italie, Croatie, Equateur, Nicaragua, Panama, Colombie, Guatemala, Honduras, San Salvador, Bangladesh, Chine, Mongolie, R\u00e9publique Dominicaine, V\u00e9n\u00e9zuela, Maroc, Mexique.<\/span><br \/><span style=\"color: #ffffff;\"> Marion Sila s\u2019adapte aux conditions m\u00e9t\u00e9orologiques des lieux, elle se produit en solo, duo ou trio avec Samuel V\u00e8ne et Fabrice Dano.<\/span><\/div>\n<div><span style=\"color: #ffffff;\">\u00a0<\/span><\/div>\n<div><span style=\"color: #ffffff;\"><span style=\"text-decoration: underline;\">Parcours<\/span> : <\/span><\/div>\n<div><span style=\"color: #ffffff;\">Marion Sila est autrice, compositrice et interpr\u00e8te.<\/span><br \/><span style=\"color: #ffffff;\"> Originaire de Manosque en Provence, elle apprend le piano et la danse lorsqu\u2019elle est enfant.<\/span><br \/><span style=\"color: #ffffff;\"> C\u2019est ensuite \u00e0 Paris qu\u2019elle commence la musique de fa\u00e7on professionnelle avec son premier groupe de chanson r\u00e9aliste, \u201c S\u00e9pia \u201c\u00a0. <\/span><br \/><span style=\"color: #ffffff;\"> Pendant cette p\u00e9riode, Marion d\u00e9croche une formation au \u201c Coach \u201c, dirig\u00e9 par Philippe Albaret ( qui a notamment accompagn\u00e9 Clarika, La Grande Sophie, Emily Loizeau, Mathias Malzieu\u2026) pour y travailler sa voix, son jeu de sc\u00e8ne, la percussion\u2026<\/span><br \/><span style=\"color: #ffffff;\"> Apr\u00e8s une dizaine d\u2019ann\u00e9es \u00e0 jouer dans les diff\u00e9rentes salles de concert parisiennes Marion prend le large et part vivre \u00e0 Montpellier.<\/span><br \/><span style=\"color: #ffffff;\"> Mais c\u2019est lors de son voyage au Mexique que lui vient l\u2019id\u00e9e originale de partir seule sur les routes du monde entier, accompagn\u00e9e de son accord\u00e9on diatonique, de sa loop station ( machine permettant d\u2019enregistrer des sons, percussions, boucles diverses face au public ) et de son dualo, son synth\u00e9tiseur cosmic. <\/span><br \/><span style=\"color: #ffffff;\"> Le hasard faisant bien les choses, Marion est choisie en 2013 par le r\u00e9seau des Alliances fran\u00e7aises pour repr\u00e9senter la culture fran\u00e7aise \u00e0 l\u2019\u00e9tranger. Depuis cette date, l\u2019artiste part r\u00e9guli\u00e8rement en tourn\u00e9e mondiale gr\u00e2ce au r\u00e9seau.<\/span><br \/><span style=\"color: #ffffff;\"> Dans un m\u00eame temps, elle est s\u00e9lectionn\u00e9e par la SMAC Paloma de N\u00eemes pour b\u00e9n\u00e9ficier d\u2019un nouvel accompagnement pour son projet.<\/span><br \/><span style=\"color: #ffffff;\"> En 2016, Marion Sila sort son premier album \u00e9ponyme et interpr\u00e8te les chansons de ce disque dans sa r\u00e9gion d\u2019adoption et en tourn\u00e9es internationales. <\/span><br \/><span style=\"color: #ffffff;\"> Et aujourd\u2019hui, le deuxi\u00e8me album est pr\u00eat !<\/span><\/div>\n<div>\u00a0<\/div>\n<div><span style=\"color: #ffffff;\"><span style=\"text-decoration: underline;\">Style :<\/span> <\/span><span style=\"color: #ffffff;\">Marion Sila nous am\u00e8ne dans un univers sensible, plein de fantaisie o\u00f9 les boucles hypnotiques\u00a0 et \u00e9lectroniques se m\u00ealent \u00e0 la voix ou au son de l&rsquo;accord\u00e9on.<\/span><br \/><span style=\"color: #ffffff;\"> Avec ce format peu commun du solo ( proche de la performance artistique ) Marion la nomade a pu jouer dans de nombreux pays en utilisant sa large gamme de nuances sonores, entre folk, chanson et \u00e9lectro. Son style, plein d\u2019id\u00e9es ing\u00e9nieuses et d\u2019histoires sans fronti\u00e8res, donne \u00e0 son oeuvre une singularit\u00e9 envo\u00fbtante. Avec elle, la musique vibre d\u2019un timbre souvent farceur mais toujours d\u00e9licat. \u00a0<\/span><br \/><span style=\"color: #ffffff;\"> Ses sources d\u2019inspiration sont diverses\u00a0: Camille, Bjork, Yann Tiersen, Lhasa, Coco Rosie \u2026<\/span><\/div>\n<p><span style=\"font-family: Georgia; color: #000000;\"><span style=\"font-size: small;\">\u00a0<\/span><\/span><\/p>\n<p><img decoding=\"async\" loading=\"lazy\" class=\"alignnone size-full wp-image-1032\" src=\"http:\/\/www.marionsila.com\/wp-content\/uploads\/2017\/05\/pochette-good-one.jpg\" alt=\"pochette good one\" width=\"1044\" height=\"1054\" srcset=\"http:\/\/www.marionsila.com\/wp-content\/uploads\/2017\/05\/pochette-good-one.jpg 1044w, http:\/\/www.marionsila.com\/wp-content\/uploads\/2017\/05\/pochette-good-one-150x150.jpg 150w, http:\/\/www.marionsila.com\/wp-content\/uploads\/2017\/05\/pochette-good-one-297x300.jpg 297w, http:\/\/www.marionsila.com\/wp-content\/uploads\/2017\/05\/pochette-good-one-768x775.jpg 768w, http:\/\/www.marionsila.com\/wp-content\/uploads\/2017\/05\/pochette-good-one-1014x1024.jpg 1014w\" sizes=\"(max-width: 1044px) 100vw, 1044px\" \/><\/p>\n\n\n<figure class=\"wp-block-embed is-type-video is-provider-youtube wp-block-embed-youtube wp-embed-aspect-16-9 wp-has-aspect-ratio\"><div class=\"wp-block-embed__wrapper\">\n<iframe loading=\"lazy\" title=\"TERRITOIRE D ARTISTES - MARION SILA, AUTEURE INTERPRETE\" width=\"900\" height=\"506\" src=\"https:\/\/www.youtube.com\/embed\/2TugBfdVH20?feature=oembed\" frameborder=\"0\" allow=\"accelerometer; autoplay; clipboard-write; encrypted-media; gyroscope; picture-in-picture\" allowfullscreen><\/iframe>\n<\/div><\/figure>\n","protected":false},"excerpt":{"rendered":"<p>\u00a0\u00a0\u00a0 \u00a0 \u00a0 \u00a0 \u00a0 \u00a0 \u00a0 \u00a0 \u00a0 \u00a0 \u00a0 \u00a0 \u00a0 \u00a0 \u00a0 \u00a0 \u00a0 \u00a0 \u00a0 \u00a0 \u00a0 \u00a0 \u00a0 \u00a0 \u00a0 \u00a0 \u00a0 \u00a0 \u00a0 \u00a0 \u00a0 \u00a0 \u00a0\u00a0\u00a0\u00a0\u00a0\u00a0\u00a0\u00a0\u00a0\u00a0\u00a0\u00a0\u00a0\u00a0\u00a0\u00a0\u00a0\u00a0\u00a0\u00a0\u00a0\u00a0\u00a0\u00a0\u00a0\u00a0\u00a0\u00a0\u00a0\u00a0\u00a0\u00a0\u00a0\u00a0\u00a0\u00a0\u00a0\u00a0\u00a0\u00a0\u00a0\u00a0\u00a0\u00a0\u00a0\u00a0\u00a0\u00a0\u00a0\u00a0\u00a0\u00a0\u00a0\u00a0 \u00a0 \u00a0\u00a0\u00a0\u00a0\u00a0\u00a0\u00a0\u00a0\u00a0\u00a0\u00a0\u00a0\u00a0 Marion Sila, globe-singer, pose un peu partout ses valises, ses petites machines \u00e9lectro-cosmiques et son&#8230;<\/p>\n","protected":false},"author":1,"featured_media":0,"parent":0,"menu_order":0,"comment_status":"closed","ping_status":"closed","template":"","meta":{"_edd_button_behavior":[],"sfsi_plus_gutenberg_text_before_share":"","sfsi_plus_gutenberg_show_text_before_share":"","sfsi_plus_gutenberg_icon_type":"","sfsi_plus_gutenberg_icon_alignemt":"","sfsi_plus_gutenburg_max_per_row":""},"_links":{"self":[{"href":"http:\/\/www.marionsila.com\/index.php?rest_route=\/wp\/v2\/pages\/576"}],"collection":[{"href":"http:\/\/www.marionsila.com\/index.php?rest_route=\/wp\/v2\/pages"}],"about":[{"href":"http:\/\/www.marionsila.com\/index.php?rest_route=\/wp\/v2\/types\/page"}],"author":[{"embeddable":true,"href":"http:\/\/www.marionsila.com\/index.php?rest_route=\/wp\/v2\/users\/1"}],"replies":[{"embeddable":true,"href":"http:\/\/www.marionsila.com\/index.php?rest_route=%2Fwp%2Fv2%2Fcomments&post=576"}],"version-history":[{"count":49,"href":"http:\/\/www.marionsila.com\/index.php?rest_route=\/wp\/v2\/pages\/576\/revisions"}],"predecessor-version":[{"id":1242,"href":"http:\/\/www.marionsila.com\/index.php?rest_route=\/wp\/v2\/pages\/576\/revisions\/1242"}],"wp:attachment":[{"href":"http:\/\/www.marionsila.com\/index.php?rest_route=%2Fwp%2Fv2%2Fmedia&parent=576"}],"curies":[{"name":"wp","href":"https:\/\/api.w.org\/{rel}","templated":true}]}}